{"id":2458,"date":"2022-12-13T16:56:39","date_gmt":"2022-12-13T16:56:39","guid":{"rendered":"https:\/\/www.hobro-stovring-bilvask.dk\/?page_id=2458"},"modified":"2026-02-18T22:20:28","modified_gmt":"2026-02-18T22:20:28","slug":"bilvask-stoevring","status":"publish","type":"page","link":"https:\/\/www.hobro-stovring-bilvask.dk\/index.php\/bilvask-stoevring\/","title":{"rendered":"Bilvask St\u00f8vring"},"content":{"rendered":"<p><img fetchpriority=\"high\" decoding=\"async\" class=\"aligncenter wp-image-2939 size-full\" src=\"https:\/\/www.hobro-stovring-bilvask.dk\/wp-content\/uploads\/2026\/02\/bv-stoevring.png\" alt=\"\" width=\"670\" height=\"960\" srcset=\"https:\/\/www.hobro-stovring-bilvask.dk\/wp-content\/uploads\/2026\/02\/bv-stoevring.png 670w, https:\/\/www.hobro-stovring-bilvask.dk\/wp-content\/uploads\/2026\/02\/bv-stoevring-209x300.png 209w\" sizes=\"(max-width: 670px) 100vw, 670px\" \/><\/p>\n<p style=\"font-family: 'Source Sans Pro', sans-serif; font-size: 16px; font-style: normal; font-weight: 300; text-align: center;\"><a style=\"font-size: 16px;\" href=\"https:\/\/hobro-stovring-bilvask-webwash.logos.dk\/register\" target=\"_blank\" rel=\"noreferrer noopener\" data-wplink-edit=\"true\">Opret vaskeabonnement og spar penge, n\u00e5r du har tid til at vaske bil \u2013 klik her!<\/a><\/p>\n<p style=\"font-family: 'Source Sans Pro', sans-serif; font-size: 16px; font-style: normal; font-weight: 300; text-align: center;\"><a style=\"font-size: 16px;\" href=\"https:\/\/www.hobro-stovring-bilvask.dk\/index.php\/rutevejledning-2\/\">Find vej til en af vores vaskehaller her!<\/a><\/p>\n","protected":false},"excerpt":{"rendered":"<p>Opret vaskeabonnement og spar penge, n\u00e5r du har tid til at vaske bil \u2013 klik her! Find vej til en af vores vaskehaller her!<\/p>\n","protected":false},"author":1,"featured_media":0,"parent":0,"menu_order":0,"comment_status":"closed","ping_status":"closed","template":"","meta":{"_uag_custom_page_level_css":"","_themeisle_gutenberg_block_has_review":false,"footnotes":""},"class_list":["post-2458","page","type-page","status-publish","hentry"],"yoast_head":"<!-- This site is optimized with the Yoast SEO plugin v27.5 - https:\/\/yoast.com\/product\/yoast-seo-wordpress\/ -->\n<title>Bilvask St\u00f8vring - Bilvask Hobro - Bilvask St&oslash;vring<\/title>\n<meta name=\"description\" content=\"Bilvask St\u00f8vring er byens nyeste bilvask. Her er der mulighed for at f\u00e5 maskinvasket din bil, puslet bilen samt mulighed for bil h\u00e5ndvask.\" \/>\n<meta name=\"robots\" content=\"index, follow, max-snippet:-1, max-image-preview:large, max-video-preview:-1\" \/>\n<link rel=\"canonical\" href=\"https:\/\/www.hobro-stovring-bilvask.dk\/index.php\/bilvask-stoevring\/\" \/>\n<meta property=\"og:locale\" content=\"da_DK\" \/>\n<meta property=\"og:type\" content=\"article\" \/>\n<meta property=\"og:title\" content=\"Bilvask St\u00f8vring - Bilvask Hobro - Bilvask St&oslash;vring\" \/>\n<meta property=\"og:description\" content=\"Bilvask St\u00f8vring er byens nyeste bilvask. Her er der mulighed for at f\u00e5 maskinvasket din bil, puslet bilen samt mulighed for bil h\u00e5ndvask.\" \/>\n<meta property=\"og:url\" content=\"https:\/\/www.hobro-stovring-bilvask.dk\/index.php\/bilvask-stoevring\/\" \/>\n<meta property=\"og:site_name\" content=\"Bilvask Hobro - Bilvask St&oslash;vring\" \/>\n<meta property=\"article:modified_time\" content=\"2026-02-18T22:20:28+00:00\" \/>\n<meta property=\"og:image\" content=\"https:\/\/www.hobro-stovring-bilvask.dk\/wp-content\/uploads\/2026\/02\/bv-stoevring.png\" \/>\n\t<meta property=\"og:image:width\" content=\"670\" \/>\n\t<meta property=\"og:image:height\" content=\"960\" \/>\n\t<meta property=\"og:image:type\" content=\"image\/png\" \/>\n<meta name=\"twitter:card\" content=\"summary_large_image\" \/>\n<meta name=\"twitter:label1\" content=\"Estimeret l\u00e6setid\" \/>\n\t<meta name=\"twitter:data1\" content=\"1 minut\" \/>\n<script type=\"application\/ld+json\" class=\"yoast-schema-graph\">{\"@context\":\"https:\\\/\\\/schema.org\",\"@graph\":[{\"@type\":\"WebPage\",\"@id\":\"https:\\\/\\\/www.hobro-stovring-bilvask.dk\\\/index.php\\\/bilvask-stoevring\\\/\",\"url\":\"https:\\\/\\\/www.hobro-stovring-bilvask.dk\\\/index.php\\\/bilvask-stoevring\\\/\",\"name\":\"Bilvask St\u00f8vring - Bilvask Hobro - Bilvask St&oslash;vring\",\"isPartOf\":{\"@id\":\"https:\\\/\\\/www.hobro-stovring-bilvask.dk\\\/#website\"},\"primaryImageOfPage\":{\"@id\":\"https:\\\/\\\/www.hobro-stovring-bilvask.dk\\\/index.php\\\/bilvask-stoevring\\\/#primaryimage\"},\"image\":{\"@id\":\"https:\\\/\\\/www.hobro-stovring-bilvask.dk\\\/index.php\\\/bilvask-stoevring\\\/#primaryimage\"},\"thumbnailUrl\":\"https:\\\/\\\/www.hobro-stovring-bilvask.dk\\\/wp-content\\\/uploads\\\/2026\\\/02\\\/bv-stoevring.png\",\"datePublished\":\"2022-12-13T16:56:39+00:00\",\"dateModified\":\"2026-02-18T22:20:28+00:00\",\"description\":\"Bilvask St\u00f8vring er byens nyeste bilvask. Her er der mulighed for at f\u00e5 maskinvasket din bil, puslet bilen samt mulighed for bil h\u00e5ndvask.\",\"breadcrumb\":{\"@id\":\"https:\\\/\\\/www.hobro-stovring-bilvask.dk\\\/index.php\\\/bilvask-stoevring\\\/#breadcrumb\"},\"inLanguage\":\"da-DK\",\"potentialAction\":[{\"@type\":\"ReadAction\",\"target\":[\"https:\\\/\\\/www.hobro-stovring-bilvask.dk\\\/index.php\\\/bilvask-stoevring\\\/\"]}]},{\"@type\":\"ImageObject\",\"inLanguage\":\"da-DK\",\"@id\":\"https:\\\/\\\/www.hobro-stovring-bilvask.dk\\\/index.php\\\/bilvask-stoevring\\\/#primaryimage\",\"url\":\"https:\\\/\\\/www.hobro-stovring-bilvask.dk\\\/wp-content\\\/uploads\\\/2026\\\/02\\\/bv-stoevring.png\",\"contentUrl\":\"https:\\\/\\\/www.hobro-stovring-bilvask.dk\\\/wp-content\\\/uploads\\\/2026\\\/02\\\/bv-stoevring.png\",\"width\":670,\"height\":960},{\"@type\":\"BreadcrumbList\",\"@id\":\"https:\\\/\\\/www.hobro-stovring-bilvask.dk\\\/index.php\\\/bilvask-stoevring\\\/#breadcrumb\",\"itemListElement\":[{\"@type\":\"ListItem\",\"position\":1,\"name\":\"Hjem\",\"item\":\"https:\\\/\\\/www.hobro-stovring-bilvask.dk\\\/\"},{\"@type\":\"ListItem\",\"position\":2,\"name\":\"Bilvask St\u00f8vring\"}]},{\"@type\":\"WebSite\",\"@id\":\"https:\\\/\\\/www.hobro-stovring-bilvask.dk\\\/#website\",\"url\":\"https:\\\/\\\/www.hobro-stovring-bilvask.dk\\\/\",\"name\":\"Bilvask St\u00f8vring - Bilvask Hobro\",\"description\":\"\",\"publisher\":{\"@id\":\"https:\\\/\\\/www.hobro-stovring-bilvask.dk\\\/#organization\"},\"potentialAction\":[{\"@type\":\"SearchAction\",\"target\":{\"@type\":\"EntryPoint\",\"urlTemplate\":\"https:\\\/\\\/www.hobro-stovring-bilvask.dk\\\/?s={search_term_string}\"},\"query-input\":{\"@type\":\"PropertyValueSpecification\",\"valueRequired\":true,\"valueName\":\"search_term_string\"}}],\"inLanguage\":\"da-DK\"},{\"@type\":\"Organization\",\"@id\":\"https:\\\/\\\/www.hobro-stovring-bilvask.dk\\\/#organization\",\"name\":\"Bilvask St\u00f8vring - Bilvask Hobro\",\"url\":\"https:\\\/\\\/www.hobro-stovring-bilvask.dk\\\/\",\"logo\":{\"@type\":\"ImageObject\",\"inLanguage\":\"da-DK\",\"@id\":\"https:\\\/\\\/www.hobro-stovring-bilvask.dk\\\/#\\\/schema\\\/logo\\\/image\\\/\",\"url\":\"https:\\\/\\\/www.hobro-stovring-bilvask.dk\\\/wp-content\\\/uploads\\\/2022\\\/11\\\/Bilvask.png\",\"contentUrl\":\"https:\\\/\\\/www.hobro-stovring-bilvask.dk\\\/wp-content\\\/uploads\\\/2022\\\/11\\\/Bilvask.png\",\"width\":200,\"height\":200,\"caption\":\"Bilvask St\u00f8vring - Bilvask Hobro\"},\"image\":{\"@id\":\"https:\\\/\\\/www.hobro-stovring-bilvask.dk\\\/#\\\/schema\\\/logo\\\/image\\\/\"}}]}<\/script>\n<!-- \/ Yoast SEO plugin. -->","yoast_head_json":{"title":"Bilvask St\u00f8vring - Bilvask Hobro - Bilvask St&oslash;vring","description":"Bilvask St\u00f8vring er byens nyeste bilvask. Her er der mulighed for at f\u00e5 maskinvasket din bil, puslet bilen samt mulighed for bil h\u00e5ndvask.","robots":{"index":"index","follow":"follow","max-snippet":"max-snippet:-1","max-image-preview":"max-image-preview:large","max-video-preview":"max-video-preview:-1"},"canonical":"https:\/\/www.hobro-stovring-bilvask.dk\/index.php\/bilvask-stoevring\/","og_locale":"da_DK","og_type":"article","og_title":"Bilvask St\u00f8vring - Bilvask Hobro - Bilvask St&oslash;vring","og_description":"Bilvask St\u00f8vring er byens nyeste bilvask. Her er der mulighed for at f\u00e5 maskinvasket din bil, puslet bilen samt mulighed for bil h\u00e5ndvask.","og_url":"https:\/\/www.hobro-stovring-bilvask.dk\/index.php\/bilvask-stoevring\/","og_site_name":"Bilvask Hobro - Bilvask St&oslash;vring","article_modified_time":"2026-02-18T22:20:28+00:00","og_image":[{"width":670,"height":960,"url":"https:\/\/www.hobro-stovring-bilvask.dk\/wp-content\/uploads\/2026\/02\/bv-stoevring.png","type":"image\/png"}],"twitter_card":"summary_large_image","twitter_misc":{"Estimeret l\u00e6setid":"1 minut"},"schema":{"@context":"https:\/\/schema.org","@graph":[{"@type":"WebPage","@id":"https:\/\/www.hobro-stovring-bilvask.dk\/index.php\/bilvask-stoevring\/","url":"https:\/\/www.hobro-stovring-bilvask.dk\/index.php\/bilvask-stoevring\/","name":"Bilvask St\u00f8vring - Bilvask Hobro - Bilvask St&oslash;vring","isPartOf":{"@id":"https:\/\/www.hobro-stovring-bilvask.dk\/#website"},"primaryImageOfPage":{"@id":"https:\/\/www.hobro-stovring-bilvask.dk\/index.php\/bilvask-stoevring\/#primaryimage"},"image":{"@id":"https:\/\/www.hobro-stovring-bilvask.dk\/index.php\/bilvask-stoevring\/#primaryimage"},"thumbnailUrl":"https:\/\/www.hobro-stovring-bilvask.dk\/wp-content\/uploads\/2026\/02\/bv-stoevring.png","datePublished":"2022-12-13T16:56:39+00:00","dateModified":"2026-02-18T22:20:28+00:00","description":"Bilvask St\u00f8vring er byens nyeste bilvask. Her er der mulighed for at f\u00e5 maskinvasket din bil, puslet bilen samt mulighed for bil h\u00e5ndvask.","breadcrumb":{"@id":"https:\/\/www.hobro-stovring-bilvask.dk\/index.php\/bilvask-stoevring\/#breadcrumb"},"inLanguage":"da-DK","potentialAction":[{"@type":"ReadAction","target":["https:\/\/www.hobro-stovring-bilvask.dk\/index.php\/bilvask-stoevring\/"]}]},{"@type":"ImageObject","inLanguage":"da-DK","@id":"https:\/\/www.hobro-stovring-bilvask.dk\/index.php\/bilvask-stoevring\/#primaryimage","url":"https:\/\/www.hobro-stovring-bilvask.dk\/wp-content\/uploads\/2026\/02\/bv-stoevring.png","contentUrl":"https:\/\/www.hobro-stovring-bilvask.dk\/wp-content\/uploads\/2026\/02\/bv-stoevring.png","width":670,"height":960},{"@type":"BreadcrumbList","@id":"https:\/\/www.hobro-stovring-bilvask.dk\/index.php\/bilvask-stoevring\/#breadcrumb","itemListElement":[{"@type":"ListItem","position":1,"name":"Hjem","item":"https:\/\/www.hobro-stovring-bilvask.dk\/"},{"@type":"ListItem","position":2,"name":"Bilvask St\u00f8vring"}]},{"@type":"WebSite","@id":"https:\/\/www.hobro-stovring-bilvask.dk\/#website","url":"https:\/\/www.hobro-stovring-bilvask.dk\/","name":"Bilvask St\u00f8vring - Bilvask Hobro","description":"","publisher":{"@id":"https:\/\/www.hobro-stovring-bilvask.dk\/#organization"},"potentialAction":[{"@type":"SearchAction","target":{"@type":"EntryPoint","urlTemplate":"https:\/\/www.hobro-stovring-bilvask.dk\/?s={search_term_string}"},"query-input":{"@type":"PropertyValueSpecification","valueRequired":true,"valueName":"search_term_string"}}],"inLanguage":"da-DK"},{"@type":"Organization","@id":"https:\/\/www.hobro-stovring-bilvask.dk\/#organization","name":"Bilvask St\u00f8vring - Bilvask Hobro","url":"https:\/\/www.hobro-stovring-bilvask.dk\/","logo":{"@type":"ImageObject","inLanguage":"da-DK","@id":"https:\/\/www.hobro-stovring-bilvask.dk\/#\/schema\/logo\/image\/","url":"https:\/\/www.hobro-stovring-bilvask.dk\/wp-content\/uploads\/2022\/11\/Bilvask.png","contentUrl":"https:\/\/www.hobro-stovring-bilvask.dk\/wp-content\/uploads\/2022\/11\/Bilvask.png","width":200,"height":200,"caption":"Bilvask St\u00f8vring - Bilvask Hobro"},"image":{"@id":"https:\/\/www.hobro-stovring-bilvask.dk\/#\/schema\/logo\/image\/"}}]}},"uagb_featured_image_src":{"full":false,"thumbnail":false,"medium":false,"medium_large":false,"large":false,"1536x1536":false,"2048x2048":false,"shuttle-column1-1\/3":false,"shuttle-column1-1\/4":false,"shuttle-column2-1\/2":false,"shuttle-column2-2\/3":false,"shuttle-column3-1\/3":false,"shuttle-column3-2\/3":false,"shuttle-column4-2\/3":false},"uagb_author_info":{"display_name":"admin","author_link":"https:\/\/www.hobro-stovring-bilvask.dk\/index.php\/author\/admin\/"},"uagb_comment_info":0,"uagb_excerpt":"Opret vaskeabonnement og spar penge, n\u00e5r du har tid til at vaske bil \u2013 klik her! Find vej til en af vores vaskehaller her!","_links":{"self":[{"href":"https:\/\/www.hobro-stovring-bilvask.dk\/index.php\/wp-json\/wp\/v2\/pages\/2458","targetHints":{"allow":["GET"]}}],"collection":[{"href":"https:\/\/www.hobro-stovring-bilvask.dk\/index.php\/wp-json\/wp\/v2\/pages"}],"about":[{"href":"https:\/\/www.hobro-stovring-bilvask.dk\/index.php\/wp-json\/wp\/v2\/types\/page"}],"author":[{"embeddable":true,"href":"https:\/\/www.hobro-stovring-bilvask.dk\/index.php\/wp-json\/wp\/v2\/users\/1"}],"replies":[{"embeddable":true,"href":"https:\/\/www.hobro-stovring-bilvask.dk\/index.php\/wp-json\/wp\/v2\/comments?post=2458"}],"version-history":[{"count":36,"href":"https:\/\/www.hobro-stovring-bilvask.dk\/index.php\/wp-json\/wp\/v2\/pages\/2458\/revisions"}],"predecessor-version":[{"id":2941,"href":"https:\/\/www.hobro-stovring-bilvask.dk\/index.php\/wp-json\/wp\/v2\/pages\/2458\/revisions\/2941"}],"wp:attachment":[{"href":"https:\/\/www.hobro-stovring-bilvask.dk\/index.php\/wp-json\/wp\/v2\/media?parent=2458"}],"curies":[{"name":"wp","href":"https:\/\/api.w.org\/{rel}","templated":true}]}}