{"id":2448,"date":"2022-12-13T16:51:20","date_gmt":"2022-12-13T16:51:20","guid":{"rendered":"https:\/\/www.hobro-stovring-bilvask.dk\/?page_id=2448"},"modified":"2026-02-18T22:18:32","modified_gmt":"2026-02-18T22:18:32","slug":"bilvask-hobro","status":"publish","type":"page","link":"https:\/\/www.hobro-stovring-bilvask.dk\/index.php\/bilvask-hobro\/","title":{"rendered":"Bilvask Hobro"},"content":{"rendered":"\n<p class=\"has-text-align-center\"><a href=\"https:\/\/hobro-stovring-bilvask-webwash.logos.dk\/register\" target=\"_blank\" rel=\"noreferrer noopener\">Bliv medlem af vores vaskeklub ved at klikke her!<\/a><\/p>\n\n\n<p><style>\/*! elementor - v3.9.0 - 06-12-2022 *\/<br \/>\n.elementor-widget-image{text-align:center}.elementor-widget-image a{display:inline-block}.elementor-widget-image a img[src$=\".svg\"]{width:48px}.elementor-widget-image img{vertical-align:middle;display:inline-block}<\/style><span style=\"color: #ffffff;\">Bilvask Hobro tilbyder de bedste vask til din bil. Ydermere kan du blive medlem af vores vaskeklub.<\/span><\/p>\n<p data-wp-editing=\"1\"><img fetchpriority=\"high\" decoding=\"async\" class=\"aligncenter wp-image-2937 size-full\" src=\"https:\/\/www.hobro-stovring-bilvask.dk\/wp-content\/uploads\/2026\/02\/Hobro1.png\" alt=\"\" width=\"1332\" height=\"938\" srcset=\"https:\/\/www.hobro-stovring-bilvask.dk\/wp-content\/uploads\/2026\/02\/Hobro1.png 1332w, https:\/\/www.hobro-stovring-bilvask.dk\/wp-content\/uploads\/2026\/02\/Hobro1-300x211.png 300w, https:\/\/www.hobro-stovring-bilvask.dk\/wp-content\/uploads\/2026\/02\/Hobro1-1024x721.png 1024w, https:\/\/www.hobro-stovring-bilvask.dk\/wp-content\/uploads\/2026\/02\/Hobro1-768x541.png 768w\" sizes=\"(max-width: 1332px) 100vw, 1332px\" \/><\/p>\n\n\n<p class=\"has-text-align-center\"><a href=\"https:\/\/hobro-stovring-bilvask-webwash.logos.dk\/register\" target=\"_blank\" rel=\"noreferrer noopener\">Opret vaskeabonnement og spar penge, n\u00e5r du har tid til at vaske bil &#8211; klik her!<\/a><\/p>\n\n\n\n<p class=\"has-text-align-center\"><a href=\"https:\/\/www.hobro-stovring-bilvask.dk\/index.php\/rutevejledning-2\/\">Find vej til en af vores vaskehaller her!<\/a><\/p>\n","protected":false},"excerpt":{"rendered":"<p>Bliv medlem af vores vaskeklub ved at klikke her! Bilvask Hobro tilbyder de bedste vask til din bil. Ydermere kan du blive medlem af vores vaskeklub. Opret vaskeabonnement og spar penge, n\u00e5r du har tid til at vaske bil &#8211; klik her! Find vej til en af vores vaskehaller her!<\/p>\n","protected":false},"author":1,"featured_media":0,"parent":0,"menu_order":0,"comment_status":"closed","ping_status":"closed","template":"","meta":{"_uag_custom_page_level_css":"","_themeisle_gutenberg_block_has_review":false,"footnotes":""},"class_list":["post-2448","page","type-page","status-publish","hentry"],"yoast_head":"<!-- This site is optimized with the Yoast SEO plugin v27.5 - https:\/\/yoast.com\/product\/yoast-seo-wordpress\/ -->\n<title>Bilvask Hobro Bilvask Hobro - Bilvask St&oslash;vring<\/title>\n<meta name=\"description\" content=\"Vaskeoversigt Bilvask Hobro, viser dig, hvad vores forskellige bilvaske indeholder. S\u00e5 er det nemt at v\u00e6lge en vask som passer til \u00e5rstiden.\" \/>\n<meta name=\"robots\" content=\"index, follow, max-snippet:-1, max-image-preview:large, max-video-preview:-1\" \/>\n<link rel=\"canonical\" href=\"https:\/\/www.hobro-stovring-bilvask.dk\/index.php\/bilvask-hobro\/\" \/>\n<meta property=\"og:locale\" content=\"da_DK\" \/>\n<meta property=\"og:type\" content=\"article\" \/>\n<meta property=\"og:title\" content=\"Bilvask Hobro Bilvask Hobro - Bilvask St&oslash;vring\" \/>\n<meta property=\"og:description\" content=\"Vaskeoversigt Bilvask Hobro, viser dig, hvad vores forskellige bilvaske indeholder. S\u00e5 er det nemt at v\u00e6lge en vask som passer til \u00e5rstiden.\" \/>\n<meta property=\"og:url\" content=\"https:\/\/www.hobro-stovring-bilvask.dk\/index.php\/bilvask-hobro\/\" \/>\n<meta property=\"og:site_name\" content=\"Bilvask Hobro - Bilvask St&oslash;vring\" \/>\n<meta property=\"article:modified_time\" content=\"2026-02-18T22:18:32+00:00\" \/>\n<meta property=\"og:image\" content=\"https:\/\/www.hobro-stovring-bilvask.dk\/wp-content\/uploads\/2026\/02\/Hobro1.png\" \/>\n\t<meta property=\"og:image:width\" content=\"1332\" \/>\n\t<meta property=\"og:image:height\" content=\"938\" \/>\n\t<meta property=\"og:image:type\" content=\"image\/png\" \/>\n<meta name=\"twitter:card\" content=\"summary_large_image\" \/>\n<meta name=\"twitter:label1\" content=\"Estimeret l\u00e6setid\" \/>\n\t<meta name=\"twitter:data1\" content=\"1 minut\" \/>\n<script type=\"application\/ld+json\" class=\"yoast-schema-graph\">{\"@context\":\"https:\\\/\\\/schema.org\",\"@graph\":[{\"@type\":\"WebPage\",\"@id\":\"https:\\\/\\\/www.hobro-stovring-bilvask.dk\\\/index.php\\\/bilvask-hobro\\\/\",\"url\":\"https:\\\/\\\/www.hobro-stovring-bilvask.dk\\\/index.php\\\/bilvask-hobro\\\/\",\"name\":\"Bilvask Hobro Bilvask Hobro - Bilvask St&oslash;vring\",\"isPartOf\":{\"@id\":\"https:\\\/\\\/www.hobro-stovring-bilvask.dk\\\/#website\"},\"primaryImageOfPage\":{\"@id\":\"https:\\\/\\\/www.hobro-stovring-bilvask.dk\\\/index.php\\\/bilvask-hobro\\\/#primaryimage\"},\"image\":{\"@id\":\"https:\\\/\\\/www.hobro-stovring-bilvask.dk\\\/index.php\\\/bilvask-hobro\\\/#primaryimage\"},\"thumbnailUrl\":\"https:\\\/\\\/www.hobro-stovring-bilvask.dk\\\/wp-content\\\/uploads\\\/2026\\\/02\\\/Hobro1.png\",\"datePublished\":\"2022-12-13T16:51:20+00:00\",\"dateModified\":\"2026-02-18T22:18:32+00:00\",\"description\":\"Vaskeoversigt Bilvask Hobro, viser dig, hvad vores forskellige bilvaske indeholder. S\u00e5 er det nemt at v\u00e6lge en vask som passer til \u00e5rstiden.\",\"breadcrumb\":{\"@id\":\"https:\\\/\\\/www.hobro-stovring-bilvask.dk\\\/index.php\\\/bilvask-hobro\\\/#breadcrumb\"},\"inLanguage\":\"da-DK\",\"potentialAction\":[{\"@type\":\"ReadAction\",\"target\":[\"https:\\\/\\\/www.hobro-stovring-bilvask.dk\\\/index.php\\\/bilvask-hobro\\\/\"]}]},{\"@type\":\"ImageObject\",\"inLanguage\":\"da-DK\",\"@id\":\"https:\\\/\\\/www.hobro-stovring-bilvask.dk\\\/index.php\\\/bilvask-hobro\\\/#primaryimage\",\"url\":\"https:\\\/\\\/www.hobro-stovring-bilvask.dk\\\/wp-content\\\/uploads\\\/2026\\\/02\\\/Hobro1.png\",\"contentUrl\":\"https:\\\/\\\/www.hobro-stovring-bilvask.dk\\\/wp-content\\\/uploads\\\/2026\\\/02\\\/Hobro1.png\",\"width\":1332,\"height\":938},{\"@type\":\"BreadcrumbList\",\"@id\":\"https:\\\/\\\/www.hobro-stovring-bilvask.dk\\\/index.php\\\/bilvask-hobro\\\/#breadcrumb\",\"itemListElement\":[{\"@type\":\"ListItem\",\"position\":1,\"name\":\"Hjem\",\"item\":\"https:\\\/\\\/www.hobro-stovring-bilvask.dk\\\/\"},{\"@type\":\"ListItem\",\"position\":2,\"name\":\"Bilvask Hobro\"}]},{\"@type\":\"WebSite\",\"@id\":\"https:\\\/\\\/www.hobro-stovring-bilvask.dk\\\/#website\",\"url\":\"https:\\\/\\\/www.hobro-stovring-bilvask.dk\\\/\",\"name\":\"Bilvask St\u00f8vring - Bilvask Hobro\",\"description\":\"\",\"publisher\":{\"@id\":\"https:\\\/\\\/www.hobro-stovring-bilvask.dk\\\/#organization\"},\"potentialAction\":[{\"@type\":\"SearchAction\",\"target\":{\"@type\":\"EntryPoint\",\"urlTemplate\":\"https:\\\/\\\/www.hobro-stovring-bilvask.dk\\\/?s={search_term_string}\"},\"query-input\":{\"@type\":\"PropertyValueSpecification\",\"valueRequired\":true,\"valueName\":\"search_term_string\"}}],\"inLanguage\":\"da-DK\"},{\"@type\":\"Organization\",\"@id\":\"https:\\\/\\\/www.hobro-stovring-bilvask.dk\\\/#organization\",\"name\":\"Bilvask St\u00f8vring - Bilvask Hobro\",\"url\":\"https:\\\/\\\/www.hobro-stovring-bilvask.dk\\\/\",\"logo\":{\"@type\":\"ImageObject\",\"inLanguage\":\"da-DK\",\"@id\":\"https:\\\/\\\/www.hobro-stovring-bilvask.dk\\\/#\\\/schema\\\/logo\\\/image\\\/\",\"url\":\"https:\\\/\\\/www.hobro-stovring-bilvask.dk\\\/wp-content\\\/uploads\\\/2022\\\/11\\\/Bilvask.png\",\"contentUrl\":\"https:\\\/\\\/www.hobro-stovring-bilvask.dk\\\/wp-content\\\/uploads\\\/2022\\\/11\\\/Bilvask.png\",\"width\":200,\"height\":200,\"caption\":\"Bilvask St\u00f8vring - Bilvask Hobro\"},\"image\":{\"@id\":\"https:\\\/\\\/www.hobro-stovring-bilvask.dk\\\/#\\\/schema\\\/logo\\\/image\\\/\"}}]}<\/script>\n<!-- \/ Yoast SEO plugin. -->","yoast_head_json":{"title":"Bilvask Hobro Bilvask Hobro - Bilvask St&oslash;vring","description":"Vaskeoversigt Bilvask Hobro, viser dig, hvad vores forskellige bilvaske indeholder. S\u00e5 er det nemt at v\u00e6lge en vask som passer til \u00e5rstiden.","robots":{"index":"index","follow":"follow","max-snippet":"max-snippet:-1","max-image-preview":"max-image-preview:large","max-video-preview":"max-video-preview:-1"},"canonical":"https:\/\/www.hobro-stovring-bilvask.dk\/index.php\/bilvask-hobro\/","og_locale":"da_DK","og_type":"article","og_title":"Bilvask Hobro Bilvask Hobro - Bilvask St&oslash;vring","og_description":"Vaskeoversigt Bilvask Hobro, viser dig, hvad vores forskellige bilvaske indeholder. S\u00e5 er det nemt at v\u00e6lge en vask som passer til \u00e5rstiden.","og_url":"https:\/\/www.hobro-stovring-bilvask.dk\/index.php\/bilvask-hobro\/","og_site_name":"Bilvask Hobro - Bilvask St&oslash;vring","article_modified_time":"2026-02-18T22:18:32+00:00","og_image":[{"width":1332,"height":938,"url":"https:\/\/www.hobro-stovring-bilvask.dk\/wp-content\/uploads\/2026\/02\/Hobro1.png","type":"image\/png"}],"twitter_card":"summary_large_image","twitter_misc":{"Estimeret l\u00e6setid":"1 minut"},"schema":{"@context":"https:\/\/schema.org","@graph":[{"@type":"WebPage","@id":"https:\/\/www.hobro-stovring-bilvask.dk\/index.php\/bilvask-hobro\/","url":"https:\/\/www.hobro-stovring-bilvask.dk\/index.php\/bilvask-hobro\/","name":"Bilvask Hobro Bilvask Hobro - Bilvask St&oslash;vring","isPartOf":{"@id":"https:\/\/www.hobro-stovring-bilvask.dk\/#website"},"primaryImageOfPage":{"@id":"https:\/\/www.hobro-stovring-bilvask.dk\/index.php\/bilvask-hobro\/#primaryimage"},"image":{"@id":"https:\/\/www.hobro-stovring-bilvask.dk\/index.php\/bilvask-hobro\/#primaryimage"},"thumbnailUrl":"https:\/\/www.hobro-stovring-bilvask.dk\/wp-content\/uploads\/2026\/02\/Hobro1.png","datePublished":"2022-12-13T16:51:20+00:00","dateModified":"2026-02-18T22:18:32+00:00","description":"Vaskeoversigt Bilvask Hobro, viser dig, hvad vores forskellige bilvaske indeholder. S\u00e5 er det nemt at v\u00e6lge en vask som passer til \u00e5rstiden.","breadcrumb":{"@id":"https:\/\/www.hobro-stovring-bilvask.dk\/index.php\/bilvask-hobro\/#breadcrumb"},"inLanguage":"da-DK","potentialAction":[{"@type":"ReadAction","target":["https:\/\/www.hobro-stovring-bilvask.dk\/index.php\/bilvask-hobro\/"]}]},{"@type":"ImageObject","inLanguage":"da-DK","@id":"https:\/\/www.hobro-stovring-bilvask.dk\/index.php\/bilvask-hobro\/#primaryimage","url":"https:\/\/www.hobro-stovring-bilvask.dk\/wp-content\/uploads\/2026\/02\/Hobro1.png","contentUrl":"https:\/\/www.hobro-stovring-bilvask.dk\/wp-content\/uploads\/2026\/02\/Hobro1.png","width":1332,"height":938},{"@type":"BreadcrumbList","@id":"https:\/\/www.hobro-stovring-bilvask.dk\/index.php\/bilvask-hobro\/#breadcrumb","itemListElement":[{"@type":"ListItem","position":1,"name":"Hjem","item":"https:\/\/www.hobro-stovring-bilvask.dk\/"},{"@type":"ListItem","position":2,"name":"Bilvask Hobro"}]},{"@type":"WebSite","@id":"https:\/\/www.hobro-stovring-bilvask.dk\/#website","url":"https:\/\/www.hobro-stovring-bilvask.dk\/","name":"Bilvask St\u00f8vring - Bilvask Hobro","description":"","publisher":{"@id":"https:\/\/www.hobro-stovring-bilvask.dk\/#organization"},"potentialAction":[{"@type":"SearchAction","target":{"@type":"EntryPoint","urlTemplate":"https:\/\/www.hobro-stovring-bilvask.dk\/?s={search_term_string}"},"query-input":{"@type":"PropertyValueSpecification","valueRequired":true,"valueName":"search_term_string"}}],"inLanguage":"da-DK"},{"@type":"Organization","@id":"https:\/\/www.hobro-stovring-bilvask.dk\/#organization","name":"Bilvask St\u00f8vring - Bilvask Hobro","url":"https:\/\/www.hobro-stovring-bilvask.dk\/","logo":{"@type":"ImageObject","inLanguage":"da-DK","@id":"https:\/\/www.hobro-stovring-bilvask.dk\/#\/schema\/logo\/image\/","url":"https:\/\/www.hobro-stovring-bilvask.dk\/wp-content\/uploads\/2022\/11\/Bilvask.png","contentUrl":"https:\/\/www.hobro-stovring-bilvask.dk\/wp-content\/uploads\/2022\/11\/Bilvask.png","width":200,"height":200,"caption":"Bilvask St\u00f8vring - Bilvask Hobro"},"image":{"@id":"https:\/\/www.hobro-stovring-bilvask.dk\/#\/schema\/logo\/image\/"}}]}},"uagb_featured_image_src":{"full":false,"thumbnail":false,"medium":false,"medium_large":false,"large":false,"1536x1536":false,"2048x2048":false,"shuttle-column1-1\/3":false,"shuttle-column1-1\/4":false,"shuttle-column2-1\/2":false,"shuttle-column2-2\/3":false,"shuttle-column3-1\/3":false,"shuttle-column3-2\/3":false,"shuttle-column4-2\/3":false},"uagb_author_info":{"display_name":"admin","author_link":"https:\/\/www.hobro-stovring-bilvask.dk\/index.php\/author\/admin\/"},"uagb_comment_info":0,"uagb_excerpt":"Bliv medlem af vores vaskeklub ved at klikke her! Bilvask Hobro tilbyder de bedste vask til din bil. Ydermere kan du blive medlem af vores vaskeklub. Opret vaskeabonnement og spar penge, n\u00e5r du har tid til at vaske bil &#8211; klik her! Find vej til en af vores vaskehaller her!","_links":{"self":[{"href":"https:\/\/www.hobro-stovring-bilvask.dk\/index.php\/wp-json\/wp\/v2\/pages\/2448","targetHints":{"allow":["GET"]}}],"collection":[{"href":"https:\/\/www.hobro-stovring-bilvask.dk\/index.php\/wp-json\/wp\/v2\/pages"}],"about":[{"href":"https:\/\/www.hobro-stovring-bilvask.dk\/index.php\/wp-json\/wp\/v2\/types\/page"}],"author":[{"embeddable":true,"href":"https:\/\/www.hobro-stovring-bilvask.dk\/index.php\/wp-json\/wp\/v2\/users\/1"}],"replies":[{"embeddable":true,"href":"https:\/\/www.hobro-stovring-bilvask.dk\/index.php\/wp-json\/wp\/v2\/comments?post=2448"}],"version-history":[{"count":22,"href":"https:\/\/www.hobro-stovring-bilvask.dk\/index.php\/wp-json\/wp\/v2\/pages\/2448\/revisions"}],"predecessor-version":[{"id":2938,"href":"https:\/\/www.hobro-stovring-bilvask.dk\/index.php\/wp-json\/wp\/v2\/pages\/2448\/revisions\/2938"}],"wp:attachment":[{"href":"https:\/\/www.hobro-stovring-bilvask.dk\/index.php\/wp-json\/wp\/v2\/media?parent=2448"}],"curies":[{"name":"wp","href":"https:\/\/api.w.org\/{rel}","templated":true}]}}