{"id":2125,"date":"2022-11-14T18:46:28","date_gmt":"2022-11-14T18:46:28","guid":{"rendered":"https:\/\/www.hobro-stovring-bilvask.dk\/?page_id=2125"},"modified":"2023-11-07T10:38:43","modified_gmt":"2023-11-07T10:38:43","slug":"kontakt-os","status":"publish","type":"page","link":"https:\/\/www.hobro-stovring-bilvask.dk\/index.php\/kontakt-os\/","title":{"rendered":"Kontakt os"},"content":{"rendered":"\t\t<div data-elementor-type=\"wp-page\" data-elementor-id=\"2125\" class=\"elementor elementor-2125\">\n\t\t\t\t\t\t<section class=\"has_eae_slider elementor-section elementor-top-section elementor-element elementor-element-5952d9d elementor-section-boxed elementor-section-height-default elementor-section-height-default\" data-eae-slider=\"38330\" data-id=\"5952d9d\" data-element_type=\"section\" data-e-type=\"section\">\n\t\t\t\t\t\t<div class=\"elementor-container elementor-column-gap-default\">\n\t\t\t\t\t<div class=\"has_eae_slider elementor-column elementor-col-100 elementor-top-column elementor-element elementor-element-6f0107c\" data-eae-slider=\"66509\" data-id=\"6f0107c\" data-element_type=\"column\" data-e-type=\"column\">\n\t\t\t<div class=\"elementor-widget-wrap elementor-element-populated\">\n\t\t\t\t\t\t<div class=\"elementor-element elementor-element-54b87cf elementor-widget elementor-widget-text-editor\" data-id=\"54b87cf\" data-element_type=\"widget\" data-e-type=\"widget\" data-widget_type=\"text-editor.default\">\n\t\t\t\t<div class=\"elementor-widget-container\">\n\t\t\t\t\t\t\t\t\t<p>Du kan kontakte os i hele \u00e5bningstiden p\u00e5 telefon 21210506, hvis du har brug hj\u00e6lp eller blot sp\u00f8rgsm\u00e5l.<\/p><p>Du kan ogs\u00e5 sende os en besked via kontaktformularen herunder:<\/p>\t\t\t\t\t\t\t\t<\/div>\n\t\t\t\t<\/div>\n\t\t\t\t\t<\/div>\n\t\t<\/div>\n\t\t\t\t\t<\/div>\n\t\t<\/section>\n\t\t\t\t<section class=\"has_eae_slider elementor-section elementor-top-section elementor-element elementor-element-018a4aa elementor-section-boxed elementor-section-height-default elementor-section-height-default\" data-eae-slider=\"87495\" data-id=\"018a4aa\" data-element_type=\"section\" data-e-type=\"section\">\n\t\t\t\t\t\t<div class=\"elementor-container elementor-column-gap-default\">\n\t\t\t\t\t<div class=\"has_eae_slider elementor-column elementor-col-100 elementor-top-column elementor-element elementor-element-a07fa3e\" data-eae-slider=\"87756\" data-id=\"a07fa3e\" data-element_type=\"column\" data-e-type=\"column\">\n\t\t\t<div class=\"elementor-widget-wrap elementor-element-populated\">\n\t\t\t\t\t\t<div class=\"elementor-element elementor-element-19a851c elementor-widget elementor-widget-wpforms\" data-id=\"19a851c\" data-element_type=\"widget\" data-e-type=\"widget\" data-widget_type=\"wpforms.default\">\n\t\t\t\t<div class=\"elementor-widget-container\">\n\t\t\t\t\t<div class=\"wpforms-container \" id=\"wpforms-2424\"><form id=\"wpforms-form-2424\" class=\"wpforms-validate wpforms-form wpforms-ajax-form\" data-formid=\"2424\" method=\"post\" enctype=\"multipart\/form-data\" action=\"\/index.php\/wp-json\/wp\/v2\/pages\/2125\" data-token=\"1fc190926a931171e5f12067d087a18c\" data-token-time=\"1777705293\"><noscript class=\"wpforms-error-noscript\">Please enable JavaScript in your browser to complete this form.<\/noscript><div class=\"wpforms-field-container\"><div id=\"wpforms-2424-field_0-container\" class=\"wpforms-field wpforms-field-name\" data-field-id=\"0\"><label class=\"wpforms-field-label\" for=\"wpforms-2424-field_0\">Navn <span class=\"wpforms-required-label\">*<\/span><\/label><input type=\"text\" id=\"wpforms-2424-field_0\" class=\"wpforms-field-medium wpforms-field-required\" name=\"wpforms[fields][0]\" required><\/div><div id=\"wpforms-2424-field_1-container\" class=\"wpforms-field wpforms-field-email\" data-field-id=\"1\"><label class=\"wpforms-field-label\" for=\"wpforms-2424-field_1\">Email <span class=\"wpforms-required-label\">*<\/span><\/label><input type=\"email\" id=\"wpforms-2424-field_1\" class=\"wpforms-field-medium wpforms-field-required\" name=\"wpforms[fields][1]\" spellcheck=\"false\" required><\/div><div id=\"wpforms-2424-field_2-container\" class=\"wpforms-field wpforms-field-textarea\" data-field-id=\"2\"><label class=\"wpforms-field-label\" for=\"wpforms-2424-field_2\">Din besked <span class=\"wpforms-required-label\">*<\/span><\/label><textarea id=\"wpforms-2424-field_2\" class=\"wpforms-field-medium wpforms-field-required\" name=\"wpforms[fields][2]\" required><\/textarea><\/div><\/div><!-- .wpforms-field-container --><div class=\"wpforms-submit-container\" ><input type=\"hidden\" name=\"wpforms[id]\" value=\"2424\"><input type=\"hidden\" name=\"page_title\" value=\"\"><input type=\"hidden\" name=\"page_url\" value=\"https:\/\/www.hobro-stovring-bilvask.dk\/index.php\/wp-json\/wp\/v2\/pages\/2125\"><input type=\"hidden\" name=\"url_referer\" value=\"\"><button type=\"submit\" name=\"wpforms[submit]\" id=\"wpforms-submit-2424\" class=\"wpforms-submit\" data-alt-text=\"Sender...\" data-submit-text=\"Send besked\" aria-live=\"assertive\" value=\"wpforms-submit\">Send besked<\/button><img decoding=\"async\" src=\"https:\/\/www.hobro-stovring-bilvask.dk\/wp-content\/plugins\/wpforms-lite\/assets\/images\/submit-spin.svg\" class=\"wpforms-submit-spinner\" style=\"display: none;\" width=\"26\" height=\"26\" alt=\"Loading\"><\/div><\/form><\/div>  <!-- .wpforms-container -->\t\t\t\t<\/div>\n\t\t\t\t<\/div>\n\t\t\t\t\t<\/div>\n\t\t<\/div>\n\t\t\t\t\t<\/div>\n\t\t<\/section>\n\t\t\t\t<\/div>\n\t\t","protected":false},"excerpt":{"rendered":"<p>Du kan kontakte os i hele \u00e5bningstiden p\u00e5 telefon 21210506, hvis du har brug hj\u00e6lp eller blot sp\u00f8rgsm\u00e5l. Du kan ogs\u00e5 sende os en besked via kontaktformularen herunder: Please enable JavaScript in your browser to complete this form.Navn *Email *Din besked * Send besked<\/p>\n","protected":false},"author":1,"featured_media":0,"parent":0,"menu_order":0,"comment_status":"closed","ping_status":"closed","template":"","meta":{"_uag_custom_page_level_css":"","_themeisle_gutenberg_block_has_review":false,"footnotes":""},"class_list":["post-2125","page","type-page","status-publish","hentry"],"yoast_head":"<!-- This site is optimized with the Yoast SEO plugin v27.5 - https:\/\/yoast.com\/product\/yoast-seo-wordpress\/ -->\n<title>Kontakt os - Bilvask Hobro - Bilvask St&oslash;vring<\/title>\n<meta name=\"description\" content=\"Kontakt os hvis du har sp\u00f8rgsm\u00e5l. Vi svarer p\u00e5 telefon 21210506 hele dagen, og kan ogs\u00e5 kontaktes via hjemmesiden.\" \/>\n<meta name=\"robots\" content=\"index, follow, max-snippet:-1, max-image-preview:large, max-video-preview:-1\" \/>\n<link rel=\"canonical\" href=\"https:\/\/www.hobro-stovring-bilvask.dk\/index.php\/kontakt-os\/\" \/>\n<meta property=\"og:locale\" content=\"da_DK\" \/>\n<meta property=\"og:type\" content=\"article\" \/>\n<meta property=\"og:title\" content=\"Kontakt os - Bilvask Hobro - Bilvask St&oslash;vring\" \/>\n<meta property=\"og:description\" content=\"Kontakt os hvis du har sp\u00f8rgsm\u00e5l. Vi svarer p\u00e5 telefon 21210506 hele dagen, og kan ogs\u00e5 kontaktes via hjemmesiden.\" \/>\n<meta property=\"og:url\" content=\"https:\/\/www.hobro-stovring-bilvask.dk\/index.php\/kontakt-os\/\" \/>\n<meta property=\"og:site_name\" content=\"Bilvask Hobro - Bilvask St&oslash;vring\" \/>\n<meta property=\"article:modified_time\" content=\"2023-11-07T10:38:43+00:00\" \/>\n<meta property=\"og:image\" content=\"https:\/\/www.hobro-stovring-bilvask.dk\/wp-content\/plugins\/wpforms-lite\/assets\/images\/submit-spin.svg\" \/>\n<meta name=\"twitter:card\" content=\"summary_large_image\" \/>\n<meta name=\"twitter:label1\" content=\"Estimeret l\u00e6setid\" \/>\n\t<meta name=\"twitter:data1\" content=\"1 minut\" \/>\n<script type=\"application\/ld+json\" class=\"yoast-schema-graph\">{\"@context\":\"https:\\\/\\\/schema.org\",\"@graph\":[{\"@type\":\"WebPage\",\"@id\":\"https:\\\/\\\/www.hobro-stovring-bilvask.dk\\\/index.php\\\/kontakt-os\\\/\",\"url\":\"https:\\\/\\\/www.hobro-stovring-bilvask.dk\\\/index.php\\\/kontakt-os\\\/\",\"name\":\"Kontakt os - Bilvask Hobro - Bilvask St&oslash;vring\",\"isPartOf\":{\"@id\":\"https:\\\/\\\/www.hobro-stovring-bilvask.dk\\\/#website\"},\"primaryImageOfPage\":{\"@id\":\"https:\\\/\\\/www.hobro-stovring-bilvask.dk\\\/index.php\\\/kontakt-os\\\/#primaryimage\"},\"image\":{\"@id\":\"https:\\\/\\\/www.hobro-stovring-bilvask.dk\\\/index.php\\\/kontakt-os\\\/#primaryimage\"},\"thumbnailUrl\":\"https:\\\/\\\/www.hobro-stovring-bilvask.dk\\\/wp-content\\\/plugins\\\/wpforms-lite\\\/assets\\\/images\\\/submit-spin.svg\",\"datePublished\":\"2022-11-14T18:46:28+00:00\",\"dateModified\":\"2023-11-07T10:38:43+00:00\",\"description\":\"Kontakt os hvis du har sp\u00f8rgsm\u00e5l. Vi svarer p\u00e5 telefon 21210506 hele dagen, og kan ogs\u00e5 kontaktes via hjemmesiden.\",\"breadcrumb\":{\"@id\":\"https:\\\/\\\/www.hobro-stovring-bilvask.dk\\\/index.php\\\/kontakt-os\\\/#breadcrumb\"},\"inLanguage\":\"da-DK\",\"potentialAction\":[{\"@type\":\"ReadAction\",\"target\":[\"https:\\\/\\\/www.hobro-stovring-bilvask.dk\\\/index.php\\\/kontakt-os\\\/\"]}]},{\"@type\":\"ImageObject\",\"inLanguage\":\"da-DK\",\"@id\":\"https:\\\/\\\/www.hobro-stovring-bilvask.dk\\\/index.php\\\/kontakt-os\\\/#primaryimage\",\"url\":\"https:\\\/\\\/www.hobro-stovring-bilvask.dk\\\/wp-content\\\/plugins\\\/wpforms-lite\\\/assets\\\/images\\\/submit-spin.svg\",\"contentUrl\":\"https:\\\/\\\/www.hobro-stovring-bilvask.dk\\\/wp-content\\\/plugins\\\/wpforms-lite\\\/assets\\\/images\\\/submit-spin.svg\"},{\"@type\":\"BreadcrumbList\",\"@id\":\"https:\\\/\\\/www.hobro-stovring-bilvask.dk\\\/index.php\\\/kontakt-os\\\/#breadcrumb\",\"itemListElement\":[{\"@type\":\"ListItem\",\"position\":1,\"name\":\"Hjem\",\"item\":\"https:\\\/\\\/www.hobro-stovring-bilvask.dk\\\/\"},{\"@type\":\"ListItem\",\"position\":2,\"name\":\"Kontakt os\"}]},{\"@type\":\"WebSite\",\"@id\":\"https:\\\/\\\/www.hobro-stovring-bilvask.dk\\\/#website\",\"url\":\"https:\\\/\\\/www.hobro-stovring-bilvask.dk\\\/\",\"name\":\"Bilvask St\u00f8vring - Bilvask Hobro\",\"description\":\"\",\"publisher\":{\"@id\":\"https:\\\/\\\/www.hobro-stovring-bilvask.dk\\\/#organization\"},\"potentialAction\":[{\"@type\":\"SearchAction\",\"target\":{\"@type\":\"EntryPoint\",\"urlTemplate\":\"https:\\\/\\\/www.hobro-stovring-bilvask.dk\\\/?s={search_term_string}\"},\"query-input\":{\"@type\":\"PropertyValueSpecification\",\"valueRequired\":true,\"valueName\":\"search_term_string\"}}],\"inLanguage\":\"da-DK\"},{\"@type\":\"Organization\",\"@id\":\"https:\\\/\\\/www.hobro-stovring-bilvask.dk\\\/#organization\",\"name\":\"Bilvask St\u00f8vring - Bilvask Hobro\",\"url\":\"https:\\\/\\\/www.hobro-stovring-bilvask.dk\\\/\",\"logo\":{\"@type\":\"ImageObject\",\"inLanguage\":\"da-DK\",\"@id\":\"https:\\\/\\\/www.hobro-stovring-bilvask.dk\\\/#\\\/schema\\\/logo\\\/image\\\/\",\"url\":\"https:\\\/\\\/www.hobro-stovring-bilvask.dk\\\/wp-content\\\/uploads\\\/2022\\\/11\\\/Bilvask.png\",\"contentUrl\":\"https:\\\/\\\/www.hobro-stovring-bilvask.dk\\\/wp-content\\\/uploads\\\/2022\\\/11\\\/Bilvask.png\",\"width\":200,\"height\":200,\"caption\":\"Bilvask St\u00f8vring - Bilvask Hobro\"},\"image\":{\"@id\":\"https:\\\/\\\/www.hobro-stovring-bilvask.dk\\\/#\\\/schema\\\/logo\\\/image\\\/\"}}]}<\/script>\n<!-- \/ Yoast SEO plugin. -->","yoast_head_json":{"title":"Kontakt os - Bilvask Hobro - Bilvask St&oslash;vring","description":"Kontakt os hvis du har sp\u00f8rgsm\u00e5l. Vi svarer p\u00e5 telefon 21210506 hele dagen, og kan ogs\u00e5 kontaktes via hjemmesiden.","robots":{"index":"index","follow":"follow","max-snippet":"max-snippet:-1","max-image-preview":"max-image-preview:large","max-video-preview":"max-video-preview:-1"},"canonical":"https:\/\/www.hobro-stovring-bilvask.dk\/index.php\/kontakt-os\/","og_locale":"da_DK","og_type":"article","og_title":"Kontakt os - Bilvask Hobro - Bilvask St&oslash;vring","og_description":"Kontakt os hvis du har sp\u00f8rgsm\u00e5l. Vi svarer p\u00e5 telefon 21210506 hele dagen, og kan ogs\u00e5 kontaktes via hjemmesiden.","og_url":"https:\/\/www.hobro-stovring-bilvask.dk\/index.php\/kontakt-os\/","og_site_name":"Bilvask Hobro - Bilvask St&oslash;vring","article_modified_time":"2023-11-07T10:38:43+00:00","og_image":[{"url":"https:\/\/www.hobro-stovring-bilvask.dk\/wp-content\/plugins\/wpforms-lite\/assets\/images\/submit-spin.svg","type":"","width":"","height":""}],"twitter_card":"summary_large_image","twitter_misc":{"Estimeret l\u00e6setid":"1 minut"},"schema":{"@context":"https:\/\/schema.org","@graph":[{"@type":"WebPage","@id":"https:\/\/www.hobro-stovring-bilvask.dk\/index.php\/kontakt-os\/","url":"https:\/\/www.hobro-stovring-bilvask.dk\/index.php\/kontakt-os\/","name":"Kontakt os - Bilvask Hobro - Bilvask St&oslash;vring","isPartOf":{"@id":"https:\/\/www.hobro-stovring-bilvask.dk\/#website"},"primaryImageOfPage":{"@id":"https:\/\/www.hobro-stovring-bilvask.dk\/index.php\/kontakt-os\/#primaryimage"},"image":{"@id":"https:\/\/www.hobro-stovring-bilvask.dk\/index.php\/kontakt-os\/#primaryimage"},"thumbnailUrl":"https:\/\/www.hobro-stovring-bilvask.dk\/wp-content\/plugins\/wpforms-lite\/assets\/images\/submit-spin.svg","datePublished":"2022-11-14T18:46:28+00:00","dateModified":"2023-11-07T10:38:43+00:00","description":"Kontakt os hvis du har sp\u00f8rgsm\u00e5l. Vi svarer p\u00e5 telefon 21210506 hele dagen, og kan ogs\u00e5 kontaktes via hjemmesiden.","breadcrumb":{"@id":"https:\/\/www.hobro-stovring-bilvask.dk\/index.php\/kontakt-os\/#breadcrumb"},"inLanguage":"da-DK","potentialAction":[{"@type":"ReadAction","target":["https:\/\/www.hobro-stovring-bilvask.dk\/index.php\/kontakt-os\/"]}]},{"@type":"ImageObject","inLanguage":"da-DK","@id":"https:\/\/www.hobro-stovring-bilvask.dk\/index.php\/kontakt-os\/#primaryimage","url":"https:\/\/www.hobro-stovring-bilvask.dk\/wp-content\/plugins\/wpforms-lite\/assets\/images\/submit-spin.svg","contentUrl":"https:\/\/www.hobro-stovring-bilvask.dk\/wp-content\/plugins\/wpforms-lite\/assets\/images\/submit-spin.svg"},{"@type":"BreadcrumbList","@id":"https:\/\/www.hobro-stovring-bilvask.dk\/index.php\/kontakt-os\/#breadcrumb","itemListElement":[{"@type":"ListItem","position":1,"name":"Hjem","item":"https:\/\/www.hobro-stovring-bilvask.dk\/"},{"@type":"ListItem","position":2,"name":"Kontakt os"}]},{"@type":"WebSite","@id":"https:\/\/www.hobro-stovring-bilvask.dk\/#website","url":"https:\/\/www.hobro-stovring-bilvask.dk\/","name":"Bilvask St\u00f8vring - Bilvask Hobro","description":"","publisher":{"@id":"https:\/\/www.hobro-stovring-bilvask.dk\/#organization"},"potentialAction":[{"@type":"SearchAction","target":{"@type":"EntryPoint","urlTemplate":"https:\/\/www.hobro-stovring-bilvask.dk\/?s={search_term_string}"},"query-input":{"@type":"PropertyValueSpecification","valueRequired":true,"valueName":"search_term_string"}}],"inLanguage":"da-DK"},{"@type":"Organization","@id":"https:\/\/www.hobro-stovring-bilvask.dk\/#organization","name":"Bilvask St\u00f8vring - Bilvask Hobro","url":"https:\/\/www.hobro-stovring-bilvask.dk\/","logo":{"@type":"ImageObject","inLanguage":"da-DK","@id":"https:\/\/www.hobro-stovring-bilvask.dk\/#\/schema\/logo\/image\/","url":"https:\/\/www.hobro-stovring-bilvask.dk\/wp-content\/uploads\/2022\/11\/Bilvask.png","contentUrl":"https:\/\/www.hobro-stovring-bilvask.dk\/wp-content\/uploads\/2022\/11\/Bilvask.png","width":200,"height":200,"caption":"Bilvask St\u00f8vring - Bilvask Hobro"},"image":{"@id":"https:\/\/www.hobro-stovring-bilvask.dk\/#\/schema\/logo\/image\/"}}]}},"uagb_featured_image_src":{"full":false,"thumbnail":false,"medium":false,"medium_large":false,"large":false,"1536x1536":false,"2048x2048":false,"shuttle-column1-1\/3":false,"shuttle-column1-1\/4":false,"shuttle-column2-1\/2":false,"shuttle-column2-2\/3":false,"shuttle-column3-1\/3":false,"shuttle-column3-2\/3":false,"shuttle-column4-2\/3":false},"uagb_author_info":{"display_name":"admin","author_link":"https:\/\/www.hobro-stovring-bilvask.dk\/index.php\/author\/admin\/"},"uagb_comment_info":0,"uagb_excerpt":"Du kan kontakte os i hele \u00e5bningstiden p\u00e5 telefon 21210506, hvis du har brug hj\u00e6lp eller blot sp\u00f8rgsm\u00e5l. Du kan ogs\u00e5 sende os en besked via kontaktformularen herunder: Please enable JavaScript in your browser to complete this form.Navn *Email *Din besked * Send besked","_links":{"self":[{"href":"https:\/\/www.hobro-stovring-bilvask.dk\/index.php\/wp-json\/wp\/v2\/pages\/2125","targetHints":{"allow":["GET"]}}],"collection":[{"href":"https:\/\/www.hobro-stovring-bilvask.dk\/index.php\/wp-json\/wp\/v2\/pages"}],"about":[{"href":"https:\/\/www.hobro-stovring-bilvask.dk\/index.php\/wp-json\/wp\/v2\/types\/page"}],"author":[{"embeddable":true,"href":"https:\/\/www.hobro-stovring-bilvask.dk\/index.php\/wp-json\/wp\/v2\/users\/1"}],"replies":[{"embeddable":true,"href":"https:\/\/www.hobro-stovring-bilvask.dk\/index.php\/wp-json\/wp\/v2\/comments?post=2125"}],"version-history":[{"count":14,"href":"https:\/\/www.hobro-stovring-bilvask.dk\/index.php\/wp-json\/wp\/v2\/pages\/2125\/revisions"}],"predecessor-version":[{"id":2860,"href":"https:\/\/www.hobro-stovring-bilvask.dk\/index.php\/wp-json\/wp\/v2\/pages\/2125\/revisions\/2860"}],"wp:attachment":[{"href":"https:\/\/www.hobro-stovring-bilvask.dk\/index.php\/wp-json\/wp\/v2\/media?parent=2125"}],"curies":[{"name":"wp","href":"https:\/\/api.w.org\/{rel}","templated":true}]}}