{"id":2052,"date":"2022-11-14T17:49:05","date_gmt":"2022-11-14T17:49:05","guid":{"rendered":"https:\/\/www.hobro-stovring-bilvask.dk\/?page_id=2052"},"modified":"2025-01-30T20:13:00","modified_gmt":"2025-01-30T20:13:00","slug":"vaskeoversigt","status":"publish","type":"page","link":"https:\/\/www.hobro-stovring-bilvask.dk\/","title":{"rendered":"Vaskeoversigt"},"content":{"rendered":"\t\t<div data-elementor-type=\"wp-page\" data-elementor-id=\"2052\" class=\"elementor elementor-2052\">\n\t\t\t\t\t\t<section class=\"has_eae_slider elementor-section elementor-top-section elementor-element elementor-element-43cb23db elementor-section-boxed elementor-section-height-default elementor-section-height-default\" data-eae-slider=\"95212\" data-id=\"43cb23db\" data-element_type=\"section\" data-e-type=\"section\">\n\t\t\t\t\t\t<div class=\"elementor-container elementor-column-gap-default\">\n\t\t\t\t\t<div class=\"has_eae_slider elementor-column elementor-col-100 elementor-top-column elementor-element elementor-element-2afaaab4\" data-eae-slider=\"3308\" data-id=\"2afaaab4\" data-element_type=\"column\" data-e-type=\"column\">\n\t\t\t<div class=\"elementor-widget-wrap elementor-element-populated\">\n\t\t\t\t\t\t<div class=\"elementor-element elementor-element-14e247b0 elementor-widget elementor-widget-text-editor\" data-id=\"14e247b0\" data-element_type=\"widget\" data-e-type=\"widget\" data-widget_type=\"text-editor.default\">\n\t\t\t\t<div class=\"elementor-widget-container\">\n\t\t\t\t\t\t\t\t\t<p style=\"text-align: center;\"><span style=\"color: #3a3939; font-family: Montserrat, Helvetica, Arial; font-size: 28px; font-weight: 600; letter-spacing: 0px;\">VASKEOVERSIGT<\/span><\/p><h5 style=\"text-align: center;\">Vaskeoversigt for vores bilvaske finder du herunder:<\/h5><p style=\"text-align: center;\"><a href=\"https:\/\/www.hobro-stovring-bilvask.dk\/index.php\/bilvask-hobro\/\">Se vaskeoversigt for Bilvask Hobro her<\/a><\/p><p style=\"text-align: center;\"><a href=\"https:\/\/www.hobro-stovring-bilvask.dk\/index.php\/bilvask-stoevring\/\">Se vaskeoversigt for Bilvask St\u00f8vring her<\/a><\/p><p><span style=\"color: #ffffff;\">Bilvask Hobro &#8211; Bilvaske St\u00f8vring har en vaskeklub. Skal du med i vaskeklubben? Bliv medlem og spar yderligere 25 % p\u00e5 vores bilvaske. Husk vi har ogs\u00e5 trailerudlejning i Hobro og i St\u00f8vring. Du skal blot ringe p\u00e5 21210506 og du er k\u00f8rende 5 minutter efter.<\/span><\/p>\t\t\t\t\t\t\t\t<\/div>\n\t\t\t\t<\/div>\n\t\t\t\t\t<\/div>\n\t\t<\/div>\n\t\t\t\t\t<\/div>\n\t\t<\/section>\n\t\t\t\t<section class=\"has_eae_slider elementor-section elementor-top-section elementor-element elementor-element-94b2909 elementor-section-boxed elementor-section-height-default elementor-section-height-default\" data-eae-slider=\"38415\" data-id=\"94b2909\" data-element_type=\"section\" data-e-type=\"section\">\n\t\t\t\t\t\t<div class=\"elementor-container elementor-column-gap-default\">\n\t\t\t\t\t<div class=\"has_eae_slider elementor-column elementor-col-100 elementor-top-column elementor-element elementor-element-6c6773a\" data-eae-slider=\"40669\" data-id=\"6c6773a\" data-element_type=\"column\" data-e-type=\"column\">\n\t\t\t<div class=\"elementor-widget-wrap elementor-element-populated\">\n\t\t\t\t\t\t<div class=\"elementor-element elementor-element-d9b57f5 elementor-widget elementor-widget-image\" data-id=\"d9b57f5\" data-element_type=\"widget\" data-e-type=\"widget\" data-widget_type=\"image.default\">\n\t\t\t\t<div class=\"elementor-widget-container\">\n\t\t\t\t\t\t\t\t\t\t\t\t\t\t\t\t<a href=\"https:\/\/hobro-stovring-bilvask-webwash.nps.dk\/CreateUserWithSubscription.aspx\" target=\"_blank\">\n\t\t\t\t\t\t\t<img decoding=\"async\" width=\"300\" height=\"64\" src=\"https:\/\/www.hobro-stovring-bilvask.dk\/wp-content\/uploads\/2023\/03\/logoet-300x64.png\" class=\"attachment-medium size-medium wp-image-2765\" alt=\"Vaskeoversigt\" srcset=\"https:\/\/www.hobro-stovring-bilvask.dk\/wp-content\/uploads\/2023\/03\/logoet-300x64.png 300w, https:\/\/www.hobro-stovring-bilvask.dk\/wp-content\/uploads\/2023\/03\/logoet-768x163.png 768w, https:\/\/www.hobro-stovring-bilvask.dk\/wp-content\/uploads\/2023\/03\/logoet.png 853w\" sizes=\"(max-width: 300px) 100vw, 300px\" \/>\t\t\t\t\t\t\t\t<\/a>\n\t\t\t\t\t\t\t\t\t\t\t\t\t\t\t<\/div>\n\t\t\t\t<\/div>\n\t\t\t\t\t<\/div>\n\t\t<\/div>\n\t\t\t\t\t<\/div>\n\t\t<\/section>\n\t\t\t\t<\/div>\n\t\t","protected":false},"excerpt":{"rendered":"<p>VASKEOVERSIGT Vaskeoversigt for vores bilvaske finder du herunder: Se vaskeoversigt for Bilvask Hobro her Se vaskeoversigt for Bilvask St\u00f8vring her Bilvask Hobro &#8211; Bilvaske St\u00f8vring har en vaskeklub. Skal du med i vaskeklubben? Bliv medlem og spar yderligere 25 % p\u00e5 vores bilvaske. Husk vi har ogs\u00e5 trailerudlejning i Hobro og i St\u00f8vring. Du skal<span class=\"post-excerpt-end\">&hellip;<\/span><\/p>\n<p class=\"more-link\"><a href=\"https:\/\/www.hobro-stovring-bilvask.dk\/\" class=\"themebutton\">Read More<\/a><\/p>\n","protected":false},"author":1,"featured_media":0,"parent":0,"menu_order":0,"comment_status":"closed","ping_status":"closed","template":"","meta":{"_uag_custom_page_level_css":"","_themeisle_gutenberg_block_has_review":false,"footnotes":""},"class_list":["post-2052","page","type-page","status-publish","hentry"],"yoast_head":"<!-- This site is optimized with the Yoast SEO plugin v27.5 - https:\/\/yoast.com\/product\/yoast-seo-wordpress\/ -->\n<title>Vaskeoversigt - Bilvask Hobro - Bilvask St&oslash;vring<\/title>\n<meta name=\"description\" content=\"Vaskeoversigt. Her finder du kvalitetsbilvask til din bil. Her er bilvask, h\u00e5nd bilvask samt pusleplads og trailerudlejning.\" \/>\n<meta name=\"robots\" content=\"index, follow, max-snippet:-1, max-image-preview:large, max-video-preview:-1\" \/>\n<link rel=\"canonical\" href=\"https:\/\/www.hobro-stovring-bilvask.dk\/\" \/>\n<meta property=\"og:locale\" content=\"da_DK\" \/>\n<meta property=\"og:type\" content=\"article\" \/>\n<meta property=\"og:title\" content=\"Vaskeoversigt - Bilvask Hobro - Bilvask St&oslash;vring\" \/>\n<meta property=\"og:description\" content=\"Vaskeoversigt. Her finder du kvalitetsbilvask til din bil. Her er bilvask, h\u00e5nd bilvask samt pusleplads og trailerudlejning.\" \/>\n<meta property=\"og:url\" content=\"https:\/\/www.hobro-stovring-bilvask.dk\/\" \/>\n<meta property=\"og:site_name\" content=\"Bilvask Hobro - Bilvask St&oslash;vring\" \/>\n<meta property=\"article:modified_time\" content=\"2025-01-30T20:13:00+00:00\" \/>\n<meta property=\"og:image\" content=\"https:\/\/www.hobro-stovring-bilvask.dk\/wp-content\/uploads\/2023\/03\/logoet.png\" \/>\n\t<meta property=\"og:image:width\" content=\"853\" \/>\n\t<meta property=\"og:image:height\" content=\"181\" \/>\n\t<meta property=\"og:image:type\" content=\"image\/png\" \/>\n<meta name=\"twitter:card\" content=\"summary_large_image\" \/>\n<meta name=\"twitter:label1\" content=\"Estimeret l\u00e6setid\" \/>\n\t<meta name=\"twitter:data1\" content=\"1 minut\" \/>\n<script type=\"application\/ld+json\" class=\"yoast-schema-graph\">{\"@context\":\"https:\\\/\\\/schema.org\",\"@graph\":[{\"@type\":\"WebPage\",\"@id\":\"https:\\\/\\\/www.hobro-stovring-bilvask.dk\\\/\",\"url\":\"https:\\\/\\\/www.hobro-stovring-bilvask.dk\\\/\",\"name\":\"Vaskeoversigt - Bilvask Hobro - Bilvask St&oslash;vring\",\"isPartOf\":{\"@id\":\"https:\\\/\\\/www.hobro-stovring-bilvask.dk\\\/#website\"},\"primaryImageOfPage\":{\"@id\":\"https:\\\/\\\/www.hobro-stovring-bilvask.dk\\\/#primaryimage\"},\"image\":{\"@id\":\"https:\\\/\\\/www.hobro-stovring-bilvask.dk\\\/#primaryimage\"},\"thumbnailUrl\":\"https:\\\/\\\/www.hobro-stovring-bilvask.dk\\\/wp-content\\\/uploads\\\/2023\\\/03\\\/logoet-300x64.png\",\"datePublished\":\"2022-11-14T17:49:05+00:00\",\"dateModified\":\"2025-01-30T20:13:00+00:00\",\"description\":\"Vaskeoversigt. Her finder du kvalitetsbilvask til din bil. Her er bilvask, h\u00e5nd bilvask samt pusleplads og trailerudlejning.\",\"breadcrumb\":{\"@id\":\"https:\\\/\\\/www.hobro-stovring-bilvask.dk\\\/#breadcrumb\"},\"inLanguage\":\"da-DK\",\"potentialAction\":[{\"@type\":\"ReadAction\",\"target\":[\"https:\\\/\\\/www.hobro-stovring-bilvask.dk\\\/\"]}]},{\"@type\":\"ImageObject\",\"inLanguage\":\"da-DK\",\"@id\":\"https:\\\/\\\/www.hobro-stovring-bilvask.dk\\\/#primaryimage\",\"url\":\"https:\\\/\\\/www.hobro-stovring-bilvask.dk\\\/wp-content\\\/uploads\\\/2023\\\/03\\\/logoet.png\",\"contentUrl\":\"https:\\\/\\\/www.hobro-stovring-bilvask.dk\\\/wp-content\\\/uploads\\\/2023\\\/03\\\/logoet.png\",\"width\":853,\"height\":181,\"caption\":\"Vaskeoversigt\"},{\"@type\":\"BreadcrumbList\",\"@id\":\"https:\\\/\\\/www.hobro-stovring-bilvask.dk\\\/#breadcrumb\",\"itemListElement\":[{\"@type\":\"ListItem\",\"position\":1,\"name\":\"Hjem\",\"item\":\"https:\\\/\\\/www.hobro-stovring-bilvask.dk\\\/\"},{\"@type\":\"ListItem\",\"position\":2,\"name\":\"Vaskeoversigt\"}]},{\"@type\":\"WebSite\",\"@id\":\"https:\\\/\\\/www.hobro-stovring-bilvask.dk\\\/#website\",\"url\":\"https:\\\/\\\/www.hobro-stovring-bilvask.dk\\\/\",\"name\":\"Bilvask St\u00f8vring - Bilvask Hobro\",\"description\":\"\",\"publisher\":{\"@id\":\"https:\\\/\\\/www.hobro-stovring-bilvask.dk\\\/#organization\"},\"potentialAction\":[{\"@type\":\"SearchAction\",\"target\":{\"@type\":\"EntryPoint\",\"urlTemplate\":\"https:\\\/\\\/www.hobro-stovring-bilvask.dk\\\/?s={search_term_string}\"},\"query-input\":{\"@type\":\"PropertyValueSpecification\",\"valueRequired\":true,\"valueName\":\"search_term_string\"}}],\"inLanguage\":\"da-DK\"},{\"@type\":\"Organization\",\"@id\":\"https:\\\/\\\/www.hobro-stovring-bilvask.dk\\\/#organization\",\"name\":\"Bilvask St\u00f8vring - Bilvask Hobro\",\"url\":\"https:\\\/\\\/www.hobro-stovring-bilvask.dk\\\/\",\"logo\":{\"@type\":\"ImageObject\",\"inLanguage\":\"da-DK\",\"@id\":\"https:\\\/\\\/www.hobro-stovring-bilvask.dk\\\/#\\\/schema\\\/logo\\\/image\\\/\",\"url\":\"https:\\\/\\\/www.hobro-stovring-bilvask.dk\\\/wp-content\\\/uploads\\\/2022\\\/11\\\/Bilvask.png\",\"contentUrl\":\"https:\\\/\\\/www.hobro-stovring-bilvask.dk\\\/wp-content\\\/uploads\\\/2022\\\/11\\\/Bilvask.png\",\"width\":200,\"height\":200,\"caption\":\"Bilvask St\u00f8vring - Bilvask Hobro\"},\"image\":{\"@id\":\"https:\\\/\\\/www.hobro-stovring-bilvask.dk\\\/#\\\/schema\\\/logo\\\/image\\\/\"}}]}<\/script>\n<!-- \/ Yoast SEO plugin. -->","yoast_head_json":{"title":"Vaskeoversigt - Bilvask Hobro - Bilvask St&oslash;vring","description":"Vaskeoversigt. Her finder du kvalitetsbilvask til din bil. Her er bilvask, h\u00e5nd bilvask samt pusleplads og trailerudlejning.","robots":{"index":"index","follow":"follow","max-snippet":"max-snippet:-1","max-image-preview":"max-image-preview:large","max-video-preview":"max-video-preview:-1"},"canonical":"https:\/\/www.hobro-stovring-bilvask.dk\/","og_locale":"da_DK","og_type":"article","og_title":"Vaskeoversigt - Bilvask Hobro - Bilvask St&oslash;vring","og_description":"Vaskeoversigt. Her finder du kvalitetsbilvask til din bil. Her er bilvask, h\u00e5nd bilvask samt pusleplads og trailerudlejning.","og_url":"https:\/\/www.hobro-stovring-bilvask.dk\/","og_site_name":"Bilvask Hobro - Bilvask St&oslash;vring","article_modified_time":"2025-01-30T20:13:00+00:00","og_image":[{"width":853,"height":181,"url":"https:\/\/www.hobro-stovring-bilvask.dk\/wp-content\/uploads\/2023\/03\/logoet.png","type":"image\/png"}],"twitter_card":"summary_large_image","twitter_misc":{"Estimeret l\u00e6setid":"1 minut"},"schema":{"@context":"https:\/\/schema.org","@graph":[{"@type":"WebPage","@id":"https:\/\/www.hobro-stovring-bilvask.dk\/","url":"https:\/\/www.hobro-stovring-bilvask.dk\/","name":"Vaskeoversigt - Bilvask Hobro - Bilvask St&oslash;vring","isPartOf":{"@id":"https:\/\/www.hobro-stovring-bilvask.dk\/#website"},"primaryImageOfPage":{"@id":"https:\/\/www.hobro-stovring-bilvask.dk\/#primaryimage"},"image":{"@id":"https:\/\/www.hobro-stovring-bilvask.dk\/#primaryimage"},"thumbnailUrl":"https:\/\/www.hobro-stovring-bilvask.dk\/wp-content\/uploads\/2023\/03\/logoet-300x64.png","datePublished":"2022-11-14T17:49:05+00:00","dateModified":"2025-01-30T20:13:00+00:00","description":"Vaskeoversigt. Her finder du kvalitetsbilvask til din bil. Her er bilvask, h\u00e5nd bilvask samt pusleplads og trailerudlejning.","breadcrumb":{"@id":"https:\/\/www.hobro-stovring-bilvask.dk\/#breadcrumb"},"inLanguage":"da-DK","potentialAction":[{"@type":"ReadAction","target":["https:\/\/www.hobro-stovring-bilvask.dk\/"]}]},{"@type":"ImageObject","inLanguage":"da-DK","@id":"https:\/\/www.hobro-stovring-bilvask.dk\/#primaryimage","url":"https:\/\/www.hobro-stovring-bilvask.dk\/wp-content\/uploads\/2023\/03\/logoet.png","contentUrl":"https:\/\/www.hobro-stovring-bilvask.dk\/wp-content\/uploads\/2023\/03\/logoet.png","width":853,"height":181,"caption":"Vaskeoversigt"},{"@type":"BreadcrumbList","@id":"https:\/\/www.hobro-stovring-bilvask.dk\/#breadcrumb","itemListElement":[{"@type":"ListItem","position":1,"name":"Hjem","item":"https:\/\/www.hobro-stovring-bilvask.dk\/"},{"@type":"ListItem","position":2,"name":"Vaskeoversigt"}]},{"@type":"WebSite","@id":"https:\/\/www.hobro-stovring-bilvask.dk\/#website","url":"https:\/\/www.hobro-stovring-bilvask.dk\/","name":"Bilvask St\u00f8vring - Bilvask Hobro","description":"","publisher":{"@id":"https:\/\/www.hobro-stovring-bilvask.dk\/#organization"},"potentialAction":[{"@type":"SearchAction","target":{"@type":"EntryPoint","urlTemplate":"https:\/\/www.hobro-stovring-bilvask.dk\/?s={search_term_string}"},"query-input":{"@type":"PropertyValueSpecification","valueRequired":true,"valueName":"search_term_string"}}],"inLanguage":"da-DK"},{"@type":"Organization","@id":"https:\/\/www.hobro-stovring-bilvask.dk\/#organization","name":"Bilvask St\u00f8vring - Bilvask Hobro","url":"https:\/\/www.hobro-stovring-bilvask.dk\/","logo":{"@type":"ImageObject","inLanguage":"da-DK","@id":"https:\/\/www.hobro-stovring-bilvask.dk\/#\/schema\/logo\/image\/","url":"https:\/\/www.hobro-stovring-bilvask.dk\/wp-content\/uploads\/2022\/11\/Bilvask.png","contentUrl":"https:\/\/www.hobro-stovring-bilvask.dk\/wp-content\/uploads\/2022\/11\/Bilvask.png","width":200,"height":200,"caption":"Bilvask St\u00f8vring - Bilvask Hobro"},"image":{"@id":"https:\/\/www.hobro-stovring-bilvask.dk\/#\/schema\/logo\/image\/"}}]}},"uagb_featured_image_src":{"full":false,"thumbnail":false,"medium":false,"medium_large":false,"large":false,"1536x1536":false,"2048x2048":false,"shuttle-column1-1\/3":false,"shuttle-column1-1\/4":false,"shuttle-column2-1\/2":false,"shuttle-column2-2\/3":false,"shuttle-column3-1\/3":false,"shuttle-column3-2\/3":false,"shuttle-column4-2\/3":false},"uagb_author_info":{"display_name":"admin","author_link":"https:\/\/www.hobro-stovring-bilvask.dk\/index.php\/author\/admin\/"},"uagb_comment_info":0,"uagb_excerpt":"VASKEOVERSIGT Vaskeoversigt for vores bilvaske finder du herunder: Se vaskeoversigt for Bilvask Hobro her Se vaskeoversigt for Bilvask St\u00f8vring her Bilvask Hobro &#8211; Bilvaske St\u00f8vring har en vaskeklub. Skal du med i vaskeklubben? Bliv medlem og spar yderligere 25 % p\u00e5 vores bilvaske. Husk vi har ogs\u00e5 trailerudlejning i Hobro og i St\u00f8vring. Du skal&hellip;Read&hellip;","_links":{"self":[{"href":"https:\/\/www.hobro-stovring-bilvask.dk\/index.php\/wp-json\/wp\/v2\/pages\/2052","targetHints":{"allow":["GET"]}}],"collection":[{"href":"https:\/\/www.hobro-stovring-bilvask.dk\/index.php\/wp-json\/wp\/v2\/pages"}],"about":[{"href":"https:\/\/www.hobro-stovring-bilvask.dk\/index.php\/wp-json\/wp\/v2\/types\/page"}],"author":[{"embeddable":true,"href":"https:\/\/www.hobro-stovring-bilvask.dk\/index.php\/wp-json\/wp\/v2\/users\/1"}],"replies":[{"embeddable":true,"href":"https:\/\/www.hobro-stovring-bilvask.dk\/index.php\/wp-json\/wp\/v2\/comments?post=2052"}],"version-history":[{"count":169,"href":"https:\/\/www.hobro-stovring-bilvask.dk\/index.php\/wp-json\/wp\/v2\/pages\/2052\/revisions"}],"predecessor-version":[{"id":2903,"href":"https:\/\/www.hobro-stovring-bilvask.dk\/index.php\/wp-json\/wp\/v2\/pages\/2052\/revisions\/2903"}],"wp:attachment":[{"href":"https:\/\/www.hobro-stovring-bilvask.dk\/index.php\/wp-json\/wp\/v2\/media?parent=2052"}],"curies":[{"name":"wp","href":"https:\/\/api.w.org\/{rel}","templated":true}]}}